{"id":10749,"date":"2026-01-11T17:39:31","date_gmt":"2026-01-11T16:39:31","guid":{"rendered":"https:\/\/valasskemezirici.casd.cz\/?page_id=10749"},"modified":"2026-01-11T17:42:46","modified_gmt":"2026-01-11T16:42:46","slug":"2026-novorocni-besidka","status":"publish","type":"page","link":"https:\/\/valasskemezirici.casd.cz\/?page_id=10749","title":{"rendered":"2026 Novoro\u010dn\u00ed bes\u00eddka"},"content":{"rendered":"<!-- index.php -->\n<div\n\tclass=\"ngg-galleryoverview ngg-ajax-pagination-none\"\n\tid=\"ngg-gallery-bb9a11bc3ce6b5fde3971e0612f3e85e-1\">\n\n    \t<div class=\"slideshowlink\">\n        <a href='https:\/\/valasskemezirici.casd.cz\/index.php\/nggallery\/slideshow?page_id=10749'>[Show as slideshow]<\/a>\n\t\t\n\t<\/div>\n\t\t\t<!-- Thumbnails -->\n\t\t\t\t<div id=\"ngg-image-0\" class=\"ngg-gallery-thumbnail-box\" >\n\t\t\t\t        <div class=\"ngg-gallery-thumbnail\">\n            <a href=\"https:\/\/valasskemezirici.casd.cz\/2026-novorocni-besidka-1\/a1.jpeg\"\n               title=\"\"\n               data-src=\"https:\/\/valasskemezirici.casd.cz\/2026-novorocni-besidka-1\/a1.jpeg\"\n               data-thumbnail=\"https:\/\/valasskemezirici.casd.cz\/2026-novorocni-besidka-1\/thumbs\/thumbs_a1.jpeg\"\n               data-image-id=\"343\"\n               data-title=\"a1\"\n               data-description=\"\"\n               data-image-slug=\"a1\"\n               class='use_imagebrowser_effect' data-imagebrowser-url='https:\/\/valasskemezirici.casd.cz\/index.php\/nggallery\/image\/%STUB%?page_id=10749'>\n                <img\n                    title=\"a1\"\n                    alt=\"a1\"\n                    src=\"https:\/\/valasskemezirici.casd.cz\/2026-novorocni-besidka-1\/thumbs\/thumbs_a1.jpeg\"\n                    width=\"150\"\n                    height=\"150\"\n                    style=\"max-width:100%;\"\n                \/>\n            <\/a>\n        <\/div>\n\t\t\t\t\t\t\t<\/div> \n\t\t\t\n                            \n\t\t\t\t<div id=\"ngg-image-1\" class=\"ngg-gallery-thumbnail-box\" >\n\t\t\t\t        <div class=\"ngg-gallery-thumbnail\">\n            <a href=\"https:\/\/valasskemezirici.casd.cz\/2026-novorocni-besidka-1\/a4.jpeg\"\n               title=\"\"\n               data-src=\"https:\/\/valasskemezirici.casd.cz\/2026-novorocni-besidka-1\/a4.jpeg\"\n               data-thumbnail=\"https:\/\/valasskemezirici.casd.cz\/2026-novorocni-besidka-1\/thumbs\/thumbs_a4.jpeg\"\n               data-image-id=\"344\"\n               data-title=\"a4\"\n               data-description=\"\"\n               data-image-slug=\"a4\"\n               class='use_imagebrowser_effect' data-imagebrowser-url='https:\/\/valasskemezirici.casd.cz\/index.php\/nggallery\/image\/%STUB%?page_id=10749'>\n                <img\n                    title=\"a4\"\n                    alt=\"a4\"\n                    src=\"https:\/\/valasskemezirici.casd.cz\/2026-novorocni-besidka-1\/thumbs\/thumbs_a4.jpeg\"\n                    width=\"150\"\n                    height=\"150\"\n                    style=\"max-width:100%;\"\n                \/>\n            <\/a>\n        <\/div>\n\t\t\t\t\t\t\t<\/div> \n\t\t\t\n                            \n\t\t\t\t<div id=\"ngg-image-2\" class=\"ngg-gallery-thumbnail-box\" >\n\t\t\t\t        <div class=\"ngg-gallery-thumbnail\">\n            <a href=\"https:\/\/valasskemezirici.casd.cz\/2026-novorocni-besidka-1\/a3.jpeg\"\n               title=\"\"\n               data-src=\"https:\/\/valasskemezirici.casd.cz\/2026-novorocni-besidka-1\/a3.jpeg\"\n               data-thumbnail=\"https:\/\/valasskemezirici.casd.cz\/2026-novorocni-besidka-1\/thumbs\/thumbs_a3.jpeg\"\n               data-image-id=\"345\"\n               data-title=\"a3\"\n               data-description=\"\"\n               data-image-slug=\"a3\"\n               class='use_imagebrowser_effect' data-imagebrowser-url='https:\/\/valasskemezirici.casd.cz\/index.php\/nggallery\/image\/%STUB%?page_id=10749'>\n                <img\n                    title=\"a3\"\n                    alt=\"a3\"\n                    src=\"https:\/\/valasskemezirici.casd.cz\/2026-novorocni-besidka-1\/thumbs\/thumbs_a3.jpeg\"\n                    width=\"150\"\n                    height=\"150\"\n                    style=\"max-width:100%;\"\n                \/>\n            <\/a>\n        <\/div>\n\t\t\t\t\t\t\t<\/div> \n\t\t\t\n                            \n\t\t\t\t<div id=\"ngg-image-3\" class=\"ngg-gallery-thumbnail-box\" >\n\t\t\t\t        <div class=\"ngg-gallery-thumbnail\">\n            <a href=\"https:\/\/valasskemezirici.casd.cz\/2026-novorocni-besidka-1\/a6.jpeg\"\n               title=\"\"\n               data-src=\"https:\/\/valasskemezirici.casd.cz\/2026-novorocni-besidka-1\/a6.jpeg\"\n               data-thumbnail=\"https:\/\/valasskemezirici.casd.cz\/2026-novorocni-besidka-1\/thumbs\/thumbs_a6.jpeg\"\n               data-image-id=\"346\"\n               data-title=\"a6\"\n               data-description=\"\"\n               data-image-slug=\"a6\"\n               class='use_imagebrowser_effect' data-imagebrowser-url='https:\/\/valasskemezirici.casd.cz\/index.php\/nggallery\/image\/%STUB%?page_id=10749'>\n                <img\n                    title=\"a6\"\n                    alt=\"a6\"\n                    src=\"https:\/\/valasskemezirici.casd.cz\/2026-novorocni-besidka-1\/thumbs\/thumbs_a6.jpeg\"\n                    width=\"150\"\n                    height=\"150\"\n                    style=\"max-width:100%;\"\n                \/>\n            <\/a>\n        <\/div>\n\t\t\t\t\t\t\t<\/div> \n\t\t\t\n                            \n\t\t\t\t<div id=\"ngg-image-4\" class=\"ngg-gallery-thumbnail-box\" >\n\t\t\t\t        <div class=\"ngg-gallery-thumbnail\">\n            <a href=\"https:\/\/valasskemezirici.casd.cz\/2026-novorocni-besidka-1\/a5.jpeg\"\n               title=\"\"\n               data-src=\"https:\/\/valasskemezirici.casd.cz\/2026-novorocni-besidka-1\/a5.jpeg\"\n               data-thumbnail=\"https:\/\/valasskemezirici.casd.cz\/2026-novorocni-besidka-1\/thumbs\/thumbs_a5.jpeg\"\n               data-image-id=\"347\"\n               data-title=\"a5\"\n               data-description=\"\"\n               data-image-slug=\"a5\"\n               class='use_imagebrowser_effect' data-imagebrowser-url='https:\/\/valasskemezirici.casd.cz\/index.php\/nggallery\/image\/%STUB%?page_id=10749'>\n                <img\n                    title=\"a5\"\n                    alt=\"a5\"\n                    src=\"https:\/\/valasskemezirici.casd.cz\/2026-novorocni-besidka-1\/thumbs\/thumbs_a5.jpeg\"\n                    width=\"150\"\n                    height=\"150\"\n                    style=\"max-width:100%;\"\n                \/>\n            <\/a>\n        <\/div>\n\t\t\t\t\t\t\t<\/div> \n\t\t\t\n                                    <br style=\"clear: both\" \/>\n                    \n\t\t\t\t<div id=\"ngg-image-5\" class=\"ngg-gallery-thumbnail-box\" >\n\t\t\t\t        <div class=\"ngg-gallery-thumbnail\">\n            <a href=\"https:\/\/valasskemezirici.casd.cz\/2026-novorocni-besidka-1\/a2.jpeg\"\n               title=\"\"\n               data-src=\"https:\/\/valasskemezirici.casd.cz\/2026-novorocni-besidka-1\/a2.jpeg\"\n               data-thumbnail=\"https:\/\/valasskemezirici.casd.cz\/2026-novorocni-besidka-1\/thumbs\/thumbs_a2.jpeg\"\n               data-image-id=\"348\"\n               data-title=\"a2\"\n               data-description=\"\"\n               data-image-slug=\"a2\"\n               class='use_imagebrowser_effect' data-imagebrowser-url='https:\/\/valasskemezirici.casd.cz\/index.php\/nggallery\/image\/%STUB%?page_id=10749'>\n                <img\n                    title=\"a2\"\n                    alt=\"a2\"\n                    src=\"https:\/\/valasskemezirici.casd.cz\/2026-novorocni-besidka-1\/thumbs\/thumbs_a2.jpeg\"\n                    width=\"150\"\n                    height=\"150\"\n                    style=\"max-width:100%;\"\n                \/>\n            <\/a>\n        <\/div>\n\t\t\t\t\t\t\t<\/div> \n\t\t\t\n                            \n\t\t\t\t<div id=\"ngg-image-6\" class=\"ngg-gallery-thumbnail-box\" >\n\t\t\t\t        <div class=\"ngg-gallery-thumbnail\">\n            <a href=\"https:\/\/valasskemezirici.casd.cz\/2026-novorocni-besidka-1\/a7.jpeg\"\n               title=\"\"\n               data-src=\"https:\/\/valasskemezirici.casd.cz\/2026-novorocni-besidka-1\/a7.jpeg\"\n               data-thumbnail=\"https:\/\/valasskemezirici.casd.cz\/2026-novorocni-besidka-1\/thumbs\/thumbs_a7.jpeg\"\n               data-image-id=\"349\"\n               data-title=\"a7\"\n               data-description=\"\"\n               data-image-slug=\"a7\"\n               class='use_imagebrowser_effect' data-imagebrowser-url='https:\/\/valasskemezirici.casd.cz\/index.php\/nggallery\/image\/%STUB%?page_id=10749'>\n                <img\n                    title=\"a7\"\n                    alt=\"a7\"\n                    src=\"https:\/\/valasskemezirici.casd.cz\/2026-novorocni-besidka-1\/thumbs\/thumbs_a7.jpeg\"\n                    width=\"150\"\n                    height=\"150\"\n                    style=\"max-width:100%;\"\n                \/>\n            <\/a>\n        <\/div>\n\t\t\t\t\t\t\t<\/div> \n\t\t\t\n                            \n\t\t\t\t<div id=\"ngg-image-7\" class=\"ngg-gallery-thumbnail-box\" >\n\t\t\t\t        <div class=\"ngg-gallery-thumbnail\">\n            <a href=\"https:\/\/valasskemezirici.casd.cz\/2026-novorocni-besidka-1\/a9.jpeg\"\n               title=\"\"\n               data-src=\"https:\/\/valasskemezirici.casd.cz\/2026-novorocni-besidka-1\/a9.jpeg\"\n               data-thumbnail=\"https:\/\/valasskemezirici.casd.cz\/2026-novorocni-besidka-1\/thumbs\/thumbs_a9.jpeg\"\n               data-image-id=\"350\"\n               data-title=\"a9\"\n               data-description=\"\"\n               data-image-slug=\"a9\"\n               class='use_imagebrowser_effect' data-imagebrowser-url='https:\/\/valasskemezirici.casd.cz\/index.php\/nggallery\/image\/%STUB%?page_id=10749'>\n                <img\n                    title=\"a9\"\n                    alt=\"a9\"\n                    src=\"https:\/\/valasskemezirici.casd.cz\/2026-novorocni-besidka-1\/thumbs\/thumbs_a9.jpeg\"\n                    width=\"150\"\n                    height=\"150\"\n                    style=\"max-width:100%;\"\n                \/>\n            <\/a>\n        <\/div>\n\t\t\t\t\t\t\t<\/div> \n\t\t\t\n                            \n\t\t\t\t<div id=\"ngg-image-8\" class=\"ngg-gallery-thumbnail-box\" >\n\t\t\t\t        <div class=\"ngg-gallery-thumbnail\">\n            <a href=\"https:\/\/valasskemezirici.casd.cz\/2026-novorocni-besidka-1\/a8.jpeg\"\n               title=\"\"\n               data-src=\"https:\/\/valasskemezirici.casd.cz\/2026-novorocni-besidka-1\/a8.jpeg\"\n               data-thumbnail=\"https:\/\/valasskemezirici.casd.cz\/2026-novorocni-besidka-1\/thumbs\/thumbs_a8.jpeg\"\n               data-image-id=\"351\"\n               data-title=\"a8\"\n               data-description=\"\"\n               data-image-slug=\"a8\"\n               class='use_imagebrowser_effect' data-imagebrowser-url='https:\/\/valasskemezirici.casd.cz\/index.php\/nggallery\/image\/%STUB%?page_id=10749'>\n                <img\n                    title=\"a8\"\n                    alt=\"a8\"\n                    src=\"https:\/\/valasskemezirici.casd.cz\/2026-novorocni-besidka-1\/thumbs\/thumbs_a8.jpeg\"\n                    width=\"150\"\n                    height=\"150\"\n                    style=\"max-width:100%;\"\n                \/>\n            <\/a>\n        <\/div>\n\t\t\t\t\t\t\t<\/div> \n\t\t\t\n                            \n\t\t\t\t<div id=\"ngg-image-9\" class=\"ngg-gallery-thumbnail-box\" >\n\t\t\t\t        <div class=\"ngg-gallery-thumbnail\">\n            <a href=\"https:\/\/valasskemezirici.casd.cz\/2026-novorocni-besidka-1\/a10.jpeg\"\n               title=\"\"\n               data-src=\"https:\/\/valasskemezirici.casd.cz\/2026-novorocni-besidka-1\/a10.jpeg\"\n               data-thumbnail=\"https:\/\/valasskemezirici.casd.cz\/2026-novorocni-besidka-1\/thumbs\/thumbs_a10.jpeg\"\n               data-image-id=\"352\"\n               data-title=\"a10\"\n               data-description=\"\"\n               data-image-slug=\"a10\"\n               class='use_imagebrowser_effect' data-imagebrowser-url='https:\/\/valasskemezirici.casd.cz\/index.php\/nggallery\/image\/%STUB%?page_id=10749'>\n                <img\n                    title=\"a10\"\n                    alt=\"a10\"\n                    src=\"https:\/\/valasskemezirici.casd.cz\/2026-novorocni-besidka-1\/thumbs\/thumbs_a10.jpeg\"\n                    width=\"150\"\n                    height=\"150\"\n                    style=\"max-width:100%;\"\n                \/>\n            <\/a>\n        <\/div>\n\t\t\t\t\t\t\t<\/div> \n\t\t\t\n                                    <br style=\"clear: both\" \/>\n                    \n\t\t\t\t<div id=\"ngg-image-10\" class=\"ngg-gallery-thumbnail-box\" >\n\t\t\t\t        <div class=\"ngg-gallery-thumbnail\">\n            <a href=\"https:\/\/valasskemezirici.casd.cz\/2026-novorocni-besidka-1\/a12.jpeg\"\n               title=\"\"\n               data-src=\"https:\/\/valasskemezirici.casd.cz\/2026-novorocni-besidka-1\/a12.jpeg\"\n               data-thumbnail=\"https:\/\/valasskemezirici.casd.cz\/2026-novorocni-besidka-1\/thumbs\/thumbs_a12.jpeg\"\n               data-image-id=\"353\"\n               data-title=\"a12\"\n               data-description=\"\"\n               data-image-slug=\"a12\"\n               class='use_imagebrowser_effect' data-imagebrowser-url='https:\/\/valasskemezirici.casd.cz\/index.php\/nggallery\/image\/%STUB%?page_id=10749'>\n                <img\n                    title=\"a12\"\n                    alt=\"a12\"\n                    src=\"https:\/\/valasskemezirici.casd.cz\/2026-novorocni-besidka-1\/thumbs\/thumbs_a12.jpeg\"\n                    width=\"150\"\n                    height=\"150\"\n                    style=\"max-width:100%;\"\n                \/>\n            <\/a>\n        <\/div>\n\t\t\t\t\t\t\t<\/div> \n\t\t\t\n                            \n\t\t\t\t<div id=\"ngg-image-11\" class=\"ngg-gallery-thumbnail-box\" >\n\t\t\t\t        <div class=\"ngg-gallery-thumbnail\">\n            <a href=\"https:\/\/valasskemezirici.casd.cz\/2026-novorocni-besidka-1\/a11.jpeg\"\n               title=\"\"\n               data-src=\"https:\/\/valasskemezirici.casd.cz\/2026-novorocni-besidka-1\/a11.jpeg\"\n               data-thumbnail=\"https:\/\/valasskemezirici.casd.cz\/2026-novorocni-besidka-1\/thumbs\/thumbs_a11.jpeg\"\n               data-image-id=\"354\"\n               data-title=\"a11\"\n               data-description=\"\"\n               data-image-slug=\"a11\"\n               class='use_imagebrowser_effect' data-imagebrowser-url='https:\/\/valasskemezirici.casd.cz\/index.php\/nggallery\/image\/%STUB%?page_id=10749'>\n                <img\n                    title=\"a11\"\n                    alt=\"a11\"\n                    src=\"https:\/\/valasskemezirici.casd.cz\/2026-novorocni-besidka-1\/thumbs\/thumbs_a11.jpeg\"\n                    width=\"150\"\n                    height=\"150\"\n                    style=\"max-width:100%;\"\n                \/>\n            <\/a>\n        <\/div>\n\t\t\t\t\t\t\t<\/div> \n\t\t\t\n                            \n\t\t\t\t<div id=\"ngg-image-12\" class=\"ngg-gallery-thumbnail-box\" >\n\t\t\t\t        <div class=\"ngg-gallery-thumbnail\">\n            <a href=\"https:\/\/valasskemezirici.casd.cz\/2026-novorocni-besidka-1\/a14.jpeg\"\n               title=\"\"\n               data-src=\"https:\/\/valasskemezirici.casd.cz\/2026-novorocni-besidka-1\/a14.jpeg\"\n               data-thumbnail=\"https:\/\/valasskemezirici.casd.cz\/2026-novorocni-besidka-1\/thumbs\/thumbs_a14.jpeg\"\n               data-image-id=\"355\"\n               data-title=\"a14\"\n               data-description=\"\"\n               data-image-slug=\"a14\"\n               class='use_imagebrowser_effect' data-imagebrowser-url='https:\/\/valasskemezirici.casd.cz\/index.php\/nggallery\/image\/%STUB%?page_id=10749'>\n                <img\n                    title=\"a14\"\n                    alt=\"a14\"\n                    src=\"https:\/\/valasskemezirici.casd.cz\/2026-novorocni-besidka-1\/thumbs\/thumbs_a14.jpeg\"\n                    width=\"150\"\n                    height=\"150\"\n                    style=\"max-width:100%;\"\n                \/>\n            <\/a>\n        <\/div>\n\t\t\t\t\t\t\t<\/div> \n\t\t\t\n                            \n\t\t\t\t<div id=\"ngg-image-13\" class=\"ngg-gallery-thumbnail-box\" >\n\t\t\t\t        <div class=\"ngg-gallery-thumbnail\">\n            <a href=\"https:\/\/valasskemezirici.casd.cz\/2026-novorocni-besidka-1\/a13.jpeg\"\n               title=\"\"\n               data-src=\"https:\/\/valasskemezirici.casd.cz\/2026-novorocni-besidka-1\/a13.jpeg\"\n               data-thumbnail=\"https:\/\/valasskemezirici.casd.cz\/2026-novorocni-besidka-1\/thumbs\/thumbs_a13.jpeg\"\n               data-image-id=\"356\"\n               data-title=\"a13\"\n               data-description=\"\"\n               data-image-slug=\"a13\"\n               class='use_imagebrowser_effect' data-imagebrowser-url='https:\/\/valasskemezirici.casd.cz\/index.php\/nggallery\/image\/%STUB%?page_id=10749'>\n                <img\n                    title=\"a13\"\n                    alt=\"a13\"\n                    src=\"https:\/\/valasskemezirici.casd.cz\/2026-novorocni-besidka-1\/thumbs\/thumbs_a13.jpeg\"\n                    width=\"150\"\n                    height=\"150\"\n                    style=\"max-width:100%;\"\n                \/>\n            <\/a>\n        <\/div>\n\t\t\t\t\t\t\t<\/div> \n\t\t\t\n                            \n\t\t\t\t<div id=\"ngg-image-14\" class=\"ngg-gallery-thumbnail-box\" >\n\t\t\t\t        <div class=\"ngg-gallery-thumbnail\">\n            <a href=\"https:\/\/valasskemezirici.casd.cz\/2026-novorocni-besidka-1\/a15.jpeg\"\n               title=\"\"\n               data-src=\"https:\/\/valasskemezirici.casd.cz\/2026-novorocni-besidka-1\/a15.jpeg\"\n               data-thumbnail=\"https:\/\/valasskemezirici.casd.cz\/2026-novorocni-besidka-1\/thumbs\/thumbs_a15.jpeg\"\n               data-image-id=\"357\"\n               data-title=\"a15\"\n               data-description=\"\"\n               data-image-slug=\"a15\"\n               class='use_imagebrowser_effect' data-imagebrowser-url='https:\/\/valasskemezirici.casd.cz\/index.php\/nggallery\/image\/%STUB%?page_id=10749'>\n                <img\n                    title=\"a15\"\n                    alt=\"a15\"\n                    src=\"https:\/\/valasskemezirici.casd.cz\/2026-novorocni-besidka-1\/thumbs\/thumbs_a15.jpeg\"\n                    width=\"150\"\n                    height=\"150\"\n                    style=\"max-width:100%;\"\n                \/>\n            <\/a>\n        <\/div>\n\t\t\t\t\t\t\t<\/div> \n\t\t\t\n                                    <br style=\"clear: both\" \/>\n                    \n\t\t\t\t<div id=\"ngg-image-15\" class=\"ngg-gallery-thumbnail-box\" >\n\t\t\t\t        <div class=\"ngg-gallery-thumbnail\">\n            <a href=\"https:\/\/valasskemezirici.casd.cz\/2026-novorocni-besidka-1\/a16.jpeg\"\n               title=\"\"\n               data-src=\"https:\/\/valasskemezirici.casd.cz\/2026-novorocni-besidka-1\/a16.jpeg\"\n               data-thumbnail=\"https:\/\/valasskemezirici.casd.cz\/2026-novorocni-besidka-1\/thumbs\/thumbs_a16.jpeg\"\n               data-image-id=\"358\"\n               data-title=\"a16\"\n               data-description=\"\"\n               data-image-slug=\"a16\"\n               class='use_imagebrowser_effect' data-imagebrowser-url='https:\/\/valasskemezirici.casd.cz\/index.php\/nggallery\/image\/%STUB%?page_id=10749'>\n                <img\n                    title=\"a16\"\n                    alt=\"a16\"\n                    src=\"https:\/\/valasskemezirici.casd.cz\/2026-novorocni-besidka-1\/thumbs\/thumbs_a16.jpeg\"\n                    width=\"150\"\n                    height=\"150\"\n                    style=\"max-width:100%;\"\n                \/>\n            <\/a>\n        <\/div>\n\t\t\t\t\t\t\t<\/div> \n\t\t\t\n                            \n\t\t\t\t<div id=\"ngg-image-16\" class=\"ngg-gallery-thumbnail-box\" >\n\t\t\t\t        <div class=\"ngg-gallery-thumbnail\">\n            <a href=\"https:\/\/valasskemezirici.casd.cz\/2026-novorocni-besidka-1\/a18.jpeg\"\n               title=\"\"\n               data-src=\"https:\/\/valasskemezirici.casd.cz\/2026-novorocni-besidka-1\/a18.jpeg\"\n               data-thumbnail=\"https:\/\/valasskemezirici.casd.cz\/2026-novorocni-besidka-1\/thumbs\/thumbs_a18.jpeg\"\n               data-image-id=\"359\"\n               data-title=\"a18\"\n               data-description=\"\"\n               data-image-slug=\"a18\"\n               class='use_imagebrowser_effect' data-imagebrowser-url='https:\/\/valasskemezirici.casd.cz\/index.php\/nggallery\/image\/%STUB%?page_id=10749'>\n                <img\n                    title=\"a18\"\n                    alt=\"a18\"\n                    src=\"https:\/\/valasskemezirici.casd.cz\/2026-novorocni-besidka-1\/thumbs\/thumbs_a18.jpeg\"\n                    width=\"150\"\n                    height=\"150\"\n                    style=\"max-width:100%;\"\n                \/>\n            <\/a>\n        <\/div>\n\t\t\t\t\t\t\t<\/div> \n\t\t\t\n                            \n\t\t\t\t<div id=\"ngg-image-17\" class=\"ngg-gallery-thumbnail-box\" >\n\t\t\t\t        <div class=\"ngg-gallery-thumbnail\">\n            <a href=\"https:\/\/valasskemezirici.casd.cz\/2026-novorocni-besidka-1\/a17.jpeg\"\n               title=\"\"\n               data-src=\"https:\/\/valasskemezirici.casd.cz\/2026-novorocni-besidka-1\/a17.jpeg\"\n               data-thumbnail=\"https:\/\/valasskemezirici.casd.cz\/2026-novorocni-besidka-1\/thumbs\/thumbs_a17.jpeg\"\n               data-image-id=\"360\"\n               data-title=\"a17\"\n               data-description=\"\"\n               data-image-slug=\"a17\"\n               class='use_imagebrowser_effect' data-imagebrowser-url='https:\/\/valasskemezirici.casd.cz\/index.php\/nggallery\/image\/%STUB%?page_id=10749'>\n                <img\n                    title=\"a17\"\n                    alt=\"a17\"\n                    src=\"https:\/\/valasskemezirici.casd.cz\/2026-novorocni-besidka-1\/thumbs\/thumbs_a17.jpeg\"\n                    width=\"150\"\n                    height=\"150\"\n                    style=\"max-width:100%;\"\n                \/>\n            <\/a>\n        <\/div>\n\t\t\t\t\t\t\t<\/div> \n\t\t\t\n                            \n\t\t\t\t<div id=\"ngg-image-18\" class=\"ngg-gallery-thumbnail-box\" >\n\t\t\t\t        <div class=\"ngg-gallery-thumbnail\">\n            <a href=\"https:\/\/valasskemezirici.casd.cz\/2026-novorocni-besidka-1\/a20.jpeg\"\n               title=\"\"\n               data-src=\"https:\/\/valasskemezirici.casd.cz\/2026-novorocni-besidka-1\/a20.jpeg\"\n               data-thumbnail=\"https:\/\/valasskemezirici.casd.cz\/2026-novorocni-besidka-1\/thumbs\/thumbs_a20.jpeg\"\n               data-image-id=\"361\"\n               data-title=\"a20\"\n               data-description=\"\"\n               data-image-slug=\"a20\"\n               class='use_imagebrowser_effect' data-imagebrowser-url='https:\/\/valasskemezirici.casd.cz\/index.php\/nggallery\/image\/%STUB%?page_id=10749'>\n                <img\n                    title=\"a20\"\n                    alt=\"a20\"\n                    src=\"https:\/\/valasskemezirici.casd.cz\/2026-novorocni-besidka-1\/thumbs\/thumbs_a20.jpeg\"\n                    width=\"150\"\n                    height=\"150\"\n                    style=\"max-width:100%;\"\n                \/>\n            <\/a>\n        <\/div>\n\t\t\t\t\t\t\t<\/div> \n\t\t\t\n                            \n\t\t\t\t<div id=\"ngg-image-19\" class=\"ngg-gallery-thumbnail-box\" >\n\t\t\t\t        <div class=\"ngg-gallery-thumbnail\">\n            <a href=\"https:\/\/valasskemezirici.casd.cz\/2026-novorocni-besidka-1\/a21.jpeg\"\n               title=\"\"\n               data-src=\"https:\/\/valasskemezirici.casd.cz\/2026-novorocni-besidka-1\/a21.jpeg\"\n               data-thumbnail=\"https:\/\/valasskemezirici.casd.cz\/2026-novorocni-besidka-1\/thumbs\/thumbs_a21.jpeg\"\n               data-image-id=\"362\"\n               data-title=\"a21\"\n               data-description=\"\"\n               data-image-slug=\"a21\"\n               class='use_imagebrowser_effect' data-imagebrowser-url='https:\/\/valasskemezirici.casd.cz\/index.php\/nggallery\/image\/%STUB%?page_id=10749'>\n                <img\n                    title=\"a21\"\n                    alt=\"a21\"\n                    src=\"https:\/\/valasskemezirici.casd.cz\/2026-novorocni-besidka-1\/thumbs\/thumbs_a21.jpeg\"\n                    width=\"150\"\n                    height=\"150\"\n                    style=\"max-width:100%;\"\n                \/>\n            <\/a>\n        <\/div>\n\t\t\t\t\t\t\t<\/div> \n\t\t\t\n                                    <br style=\"clear: both\" \/>\n                    \n\t\t\n\t\t<!-- Pagination -->\n\t<div class='ngg-navigation'><span class='current'>1<\/span>\n<a class='page-numbers' data-pageid='2' href='https:\/\/valasskemezirici.casd.cz\/index.php\/nggallery\/page\/2?page_id=10749'>2<\/a>\n<span class='ellipsis'>...<\/span>\n<a class='page-numbers' data-pageid='6' href='https:\/\/valasskemezirici.casd.cz\/index.php\/nggallery\/page\/6?page_id=10749'>6<\/a>\n<a class='prev' href='https:\/\/valasskemezirici.casd.cz\/index.php\/nggallery\/page\/2?page_id=10749' data-pageid=2>&#9658;<\/a><\/div>\t<\/div>\n\n","protected":false},"excerpt":{"rendered":"","protected":false},"author":1,"featured_media":0,"parent":9829,"menu_order":8,"comment_status":"closed","ping_status":"closed","template":"","meta":{"ngg_post_thumbnail":0,"footnotes":""},"class_list":["post-10749","page","type-page","status-publish","hentry"],"_links":{"self":[{"href":"https:\/\/valasskemezirici.casd.cz\/index.php?rest_route=\/wp\/v2\/pages\/10749","targetHints":{"allow":["GET"]}}],"collection":[{"href":"https:\/\/valasskemezirici.casd.cz\/index.php?rest_route=\/wp\/v2\/pages"}],"about":[{"href":"https:\/\/valasskemezirici.casd.cz\/index.php?rest_route=\/wp\/v2\/types\/page"}],"author":[{"embeddable":true,"href":"https:\/\/valasskemezirici.casd.cz\/index.php?rest_route=\/wp\/v2\/users\/1"}],"replies":[{"embeddable":true,"href":"https:\/\/valasskemezirici.casd.cz\/index.php?rest_route=%2Fwp%2Fv2%2Fcomments&post=10749"}],"version-history":[{"count":2,"href":"https:\/\/valasskemezirici.casd.cz\/index.php?rest_route=\/wp\/v2\/pages\/10749\/revisions"}],"predecessor-version":[{"id":10856,"href":"https:\/\/valasskemezirici.casd.cz\/index.php?rest_route=\/wp\/v2\/pages\/10749\/revisions\/10856"}],"up":[{"embeddable":true,"href":"https:\/\/valasskemezirici.casd.cz\/index.php?rest_route=\/wp\/v2\/pages\/9829"}],"wp:attachment":[{"href":"https:\/\/valasskemezirici.casd.cz\/index.php?rest_route=%2Fwp%2Fv2%2Fmedia&parent=10749"}],"curies":[{"name":"wp","href":"https:\/\/api.w.org\/{rel}","templated":true}]}}