{"id":7,"date":"2013-06-14T08:06:35","date_gmt":"2013-06-14T06:06:35","guid":{"rendered":"http:\/\/valasskemezirici.casd.cz\/?page_id=7"},"modified":"2025-10-06T17:16:34","modified_gmt":"2025-10-06T15:16:34","slug":"kontakt","status":"publish","type":"page","link":"https:\/\/valasskemezirici.casd.cz\/?page_id=7","title":{"rendered":"Kontakt"},"content":{"rendered":"<p><strong>Sbor C\u00edrkve adventist\u016f sedm\u00e9ho dne<\/strong><\/p>\n<p><strong>H\u0159bitovn\u00ed 1\/366<\/strong><\/p>\n<p><strong>757 01 Vala\u0161sk\u00e9 Mezi\u0159\u00ed\u010d\u00ed<\/strong><\/p>\n<p>&nbsp;<\/p>\n<p>mail: <strong>casd-valmez@centrum.cz<\/strong><\/p>\n<p>&nbsp;<\/p>\n<p>I\u010cO 73632686<\/p>\n<p>&nbsp;<\/p>\n<p>GPS: 49\u00b028&#8217;53.08&#8243;N, 17\u00b057&#8217;59.072&#8243;E<\/p>\n<hr>\n<p><strong>Kazatel:<\/strong><\/p>\n<p>Hynek Dona, tel.: 775 789 046<\/p>\n<p>mail: hynek.dona@tiscali.cz<\/p>\n<p><strong>Star\u0161\u00ed sboru:<\/strong><\/p>\n<p>Pavel Pimek, tel.: +420 732 827 338<\/p>\n<p>mail: pavepi@seznam.cz<\/p>\n<p>&nbsp;<\/p>\n<p>Spr\u00e1vce webu: Ivana Ch\u00e1rov\u00e1, mail:&nbsp;&nbsp; casd-valmez@centrum.cz<\/p>\n<p>&nbsp;<\/p>\n<p><strong>FCB :&nbsp; https:\/\/www.facebook.com\/CASDValMez<\/strong><\/p>\n<p>&nbsp;<\/p>\n<p>&nbsp;<\/p>\n<p><iframe loading=\"lazy\" style=\"border: 0;\" src=\"https:\/\/www.google.com\/maps\/embed?pb=!1m18!1m12!1m3!1d2592.1638910480674!2d17.964220215358438!3d49.48141107935345!2m3!1f0!2f0!3f0!3m2!1i1024!2i768!4f13.1!3m3!1m2!1s0x0%3A0x0!2zNDnCsDI4JzUzLjEiTiAxN8KwNTcnNTkuMSJF!5e0!3m2!1scs!2scz!4v1457276544305\" width=\"600\" height=\"450\" frameborder=\"0\" allowfullscreen=\"allowfullscreen\"><\/iframe><\/p>\n","protected":false},"excerpt":{"rendered":"<p>Sbor C\u00edrkve adventist\u016f sedm\u00e9ho dne H\u0159bitovn\u00ed 1\/366 757 01 Vala\u0161sk\u00e9 Mezi\u0159\u00ed\u010d\u00ed &nbsp; mail: casd-valmez@centrum.cz &nbsp; I\u010cO 73632686 &nbsp; GPS: 49\u00b028&#8217;53.08&#8243;N, 17\u00b057&#8217;59.072&#8243;E Kazatel: Hynek Dona, tel.: 775 789 046 mail: hynek.dona@tiscali.cz Star\u0161\u00ed sboru: Pavel Pimek, tel.: +420 732 827 338 mail: pavepi@seznam.cz &nbsp; Spr\u00e1vce webu: Ivana Ch\u00e1rov\u00e1, mail:&nbsp;&nbsp; casd-valmez@centrum.cz &nbsp; FCB :&nbsp; https:\/\/www.facebook.com\/CASDValMez &nbsp; &nbsp;<\/p>\n","protected":false},"author":1,"featured_media":0,"parent":0,"menu_order":13,"comment_status":"open","ping_status":"open","template":"","meta":{"ngg_post_thumbnail":0,"footnotes":""},"class_list":["post-7","page","type-page","status-publish","hentry"],"_links":{"self":[{"href":"https:\/\/valasskemezirici.casd.cz\/index.php?rest_route=\/wp\/v2\/pages\/7","targetHints":{"allow":["GET"]}}],"collection":[{"href":"https:\/\/valasskemezirici.casd.cz\/index.php?rest_route=\/wp\/v2\/pages"}],"about":[{"href":"https:\/\/valasskemezirici.casd.cz\/index.php?rest_route=\/wp\/v2\/types\/page"}],"author":[{"embeddable":true,"href":"https:\/\/valasskemezirici.casd.cz\/index.php?rest_route=\/wp\/v2\/users\/1"}],"replies":[{"embeddable":true,"href":"https:\/\/valasskemezirici.casd.cz\/index.php?rest_route=%2Fwp%2Fv2%2Fcomments&post=7"}],"version-history":[{"count":5,"href":"https:\/\/valasskemezirici.casd.cz\/index.php?rest_route=\/wp\/v2\/pages\/7\/revisions"}],"predecessor-version":[{"id":9215,"href":"https:\/\/valasskemezirici.casd.cz\/index.php?rest_route=\/wp\/v2\/pages\/7\/revisions\/9215"}],"wp:attachment":[{"href":"https:\/\/valasskemezirici.casd.cz\/index.php?rest_route=%2Fwp%2Fv2%2Fmedia&parent=7"}],"curies":[{"name":"wp","href":"https:\/\/api.w.org\/{rel}","templated":true}]}}